{"id":963,"date":"2014-12-13T15:58:03","date_gmt":"2014-12-13T15:58:03","guid":{"rendered":"https:\/\/accesspressthemes.com\/accesspress-parallax-pro-demo\/?page_id=963"},"modified":"2025-08-04T15:57:15","modified_gmt":"2025-08-04T15:57:15","slug":"buttons","status":"publish","type":"page","link":"https:\/\/btsneustadt-bremen.de\/?page_id=963","title":{"rendered":"Badminton"},"content":{"rendered":"<div id=\"pl-963\"  class=\"panel-layout\" ><div id=\"pg-963-0\"  class=\"panel-grid panel-no-style\" ><div id=\"pgc-963-0-0\"  class=\"panel-grid-cell\" ><div id=\"panel-963-0-0-0\" class=\"so-panel widget widget_black-studio-tinymce widget_black_studio_tinymce panel-first-child panel-last-child\" data-index=\"0\" ><div class=\"textwidget\"><h4 style=\"text-align: right;\">Kontakt:<\/h4>\n<p class=\"xmsonormal\" style=\"page-break-after: avoid; text-align: right;\"><a href=\"1.vorsitzender@btsneustadt-bremen.de\">1.vorsitzender@btsneustadt-bremen.de<\/a><\/p>\n<h4 style=\"text-align: right;\"><\/h4>\n<h4 style=\"text-align: right;\">Trainingsinhalt:<\/h4>\n<p style=\"text-align: right;\"><strong>Anf\u00e4nger:<\/strong> Grundschl\u00e4ge<br \/>\n<strong>Fortgeschrittene:<\/strong> Leistungsorientiertes Training<\/p>\n<h4 style=\"text-align: right;\"><\/h4>\n<h4 style=\"text-align: right;\">Infos unter<\/h4>\n<p style=\"text-align: right;\"><a href=\"https:\/\/www.sg-psv-bts.de\/\">https:\/\/sg-psv-bts.de<\/a><\/p>\n<\/div><\/div><\/div><div id=\"pgc-963-0-1\"  class=\"panel-grid-cell\" ><div id=\"panel-963-0-1-0\" class=\"so-panel widget widget_black-studio-tinymce widget_black_studio_tinymce panel-first-child panel-last-child\" data-index=\"1\" ><div class=\"textwidget\"><h4 style=\"text-align: left;\">Trainingszeiten:<\/h4>\n<p style=\"text-align: left;\"><strong>Montag 20:00 - 22:00 Uhr<\/strong><br \/>\nErwachsene, Hobbygruppe\/Anf\u00e4nger\/innen<br \/>\nHalle Volkmannstra\u00dfe<\/p>\n<p><strong>Dienstag 17:00 - 18:30 Uhr<\/strong><br \/>\nJugend\/Sch\u00fclertraining<br \/>\nHalle Erlenstra\u00dfe<\/p>\n<p><strong>Dienstag 18:30 - 22:00 Uhr<\/strong><br \/>\nErwachsene<br \/>\nHalle Erlenstra\u00dfe<\/p>\n<p><strong>Donnerstag 17:30 - 20:00 Uhr<\/strong><br \/>\nJugend\/Sch\u00fclertraining<br \/>\nHalle Volkmannstra\u00dfe<\/p>\n<p><strong>Freitag 20:00 - 22:00 Uhr<\/strong><br \/>\nalle Mitglieder<br \/>\nHalle Erlenstra\u00dfe<\/p>\n<\/div><\/div><\/div><\/div><\/div>","protected":false},"excerpt":{"rendered":"<p>Kontakt: 1.vorsitzender@btsneustadt-bremen.de Trainingsinhalt: Anf\u00e4nger: Grundschl\u00e4ge Fortgeschrittene: Leistungsorientiertes Training Infos unter https:\/\/sg-psv-bts.de Trainingszeiten: Montag 20:00 &#8211; 22:00 Uhr Erwachsene, Hobbygruppe\/Anf\u00e4nger\/innen Halle Volkmannstra\u00dfe Dienstag 17:00 &#8211; 18:30 Uhr Jugend\/Sch\u00fclertraining Halle Erlenstra\u00dfe Dienstag 18:30 &#8211; 22:00 Uhr Erwachsene Halle Erlenstra\u00dfe Donnerstag 17:30 &#8211; 20:00 Uhr Jugend\/Sch\u00fclertraining Halle Volkmannstra\u00dfe Freitag 20:00 &#8211; 22:00 Uhr alle Mitglieder Halle Erlenstra\u00dfe<\/p>\n","protected":false},"author":1,"featured_media":0,"parent":796,"menu_order":0,"comment_status":"closed","ping_status":"closed","template":"","meta":{"_coblocks_attr":"","_coblocks_dimensions":"","_coblocks_responsive_height":"","_coblocks_accordion_ie_support":"","pgc_sgb_lightbox_settings":"","footnotes":""},"class_list":["post-963","page","type-page","status-publish","hentry"],"_links":{"self":[{"href":"https:\/\/btsneustadt-bremen.de\/index.php?rest_route=\/wp\/v2\/pages\/963","targetHints":{"allow":["GET"]}}],"collection":[{"href":"https:\/\/btsneustadt-bremen.de\/index.php?rest_route=\/wp\/v2\/pages"}],"about":[{"href":"https:\/\/btsneustadt-bremen.de\/index.php?rest_route=\/wp\/v2\/types\/page"}],"author":[{"embeddable":true,"href":"https:\/\/btsneustadt-bremen.de\/index.php?rest_route=\/wp\/v2\/users\/1"}],"replies":[{"embeddable":true,"href":"https:\/\/btsneustadt-bremen.de\/index.php?rest_route=%2Fwp%2Fv2%2Fcomments&post=963"}],"version-history":[{"count":25,"href":"https:\/\/btsneustadt-bremen.de\/index.php?rest_route=\/wp\/v2\/pages\/963\/revisions"}],"predecessor-version":[{"id":4003,"href":"https:\/\/btsneustadt-bremen.de\/index.php?rest_route=\/wp\/v2\/pages\/963\/revisions\/4003"}],"up":[{"embeddable":true,"href":"https:\/\/btsneustadt-bremen.de\/index.php?rest_route=\/wp\/v2\/pages\/796"}],"wp:attachment":[{"href":"https:\/\/btsneustadt-bremen.de\/index.php?rest_route=%2Fwp%2Fv2%2Fmedia&parent=963"}],"curies":[{"name":"wp","href":"https:\/\/api.w.org\/{rel}","templated":true}]}}