{"id":796,"date":"2014-12-05T05:34:25","date_gmt":"2014-12-05T05:34:25","guid":{"rendered":"https:\/\/accesspressthemes.com\/accesspress-parallax-pro-demo\/?page_id=796"},"modified":"2023-08-08T13:46:34","modified_gmt":"2023-08-08T13:46:34","slug":"shortcodes","status":"publish","type":"page","link":"https:\/\/btsneustadt-bremen.de\/?page_id=796","title":{"rendered":"Sportarten"},"content":{"rendered":"<p>Angebot f\u00fcr Vorschulkinder<a href=\"https:\/\/btsneustadt-bremen.de\/?page_id=1899\"><img loading=\"lazy\" decoding=\"async\" class=\"so-widget-image\" title=\"Angebot f\u00fcr Vorschulkinder\" src=\"https:\/\/btsneustadt-bremen.de\/wp-content\/uploads\/2016\/05\/Turnen.jpg\" srcset=\"https:\/\/btsneustadt-bremen.de\/wp-content\/uploads\/2016\/05\/Turnen.jpg 1920w, https:\/\/btsneustadt-bremen.de\/wp-content\/uploads\/2016\/05\/Turnen-300x94.jpg 300w, https:\/\/btsneustadt-bremen.de\/wp-content\/uploads\/2016\/05\/Turnen-768x240.jpg 768w, https:\/\/btsneustadt-bremen.de\/wp-content\/uploads\/2016\/05\/Turnen-1024x320.jpg 1024w\" width=\"150\" height=\"47\" \/><\/a><\/p>\n<p>Angebot f\u00fcr Grundschulkinder<\/p>\n<p><a href=\"https:\/\/btsneustadt-bremen.de\/?page_id=3556\"><img loading=\"lazy\" decoding=\"async\" class=\"alignnone wp-image-3592\" src=\"https:\/\/btsneustadt-bremen.de\/wp-content\/uploads\/2023\/08\/trainer_dance_klein-300x131.jpg\" alt=\"https:\/\/btsneustadt-bremen.de\/?page_id=3556\" width=\"151\" height=\"66\" srcset=\"https:\/\/btsneustadt-bremen.de\/wp-content\/uploads\/2023\/08\/trainer_dance_klein-300x131.jpg 300w, https:\/\/btsneustadt-bremen.de\/wp-content\/uploads\/2023\/08\/trainer_dance_klein.jpg 560w\" sizes=\"auto, (max-width: 151px) 85vw, 151px\" \/><\/a><\/p>\n<p>Badminton<br \/>\n<a href=\"https:\/\/btsneustadt-bremen.de\/?page_id=963\"> <img loading=\"lazy\" decoding=\"async\" class=\"so-widget-image\" title=\"Badminton\" src=\"https:\/\/btsneustadt-bremen.de\/wp-content\/uploads\/2016\/06\/Badminton.jpg\" srcset=\"https:\/\/btsneustadt-bremen.de\/wp-content\/uploads\/2016\/06\/Badminton.jpg 1920w, https:\/\/btsneustadt-bremen.de\/wp-content\/uploads\/2016\/06\/Badminton-300x94.jpg 300w, https:\/\/btsneustadt-bremen.de\/wp-content\/uploads\/2016\/06\/Badminton-768x240.jpg 768w, https:\/\/btsneustadt-bremen.de\/wp-content\/uploads\/2016\/06\/Badminton-1024x320.jpg 1024w\" width=\"150\" height=\"47\" \/><br \/>\n<\/a><br \/>\nBallett &amp; Dance<br \/>\n<a href=\"https:\/\/btsneustadt-bremen.de\/?page_id=989\"> <img loading=\"lazy\" decoding=\"async\" class=\"so-widget-image\" title=\"Ballett &amp; Dance\" src=\"https:\/\/btsneustadt-bremen.de\/wp-content\/uploads\/2016\/06\/Dance.jpg\" srcset=\"https:\/\/btsneustadt-bremen.de\/wp-content\/uploads\/2016\/06\/Dance.jpg 1920w, https:\/\/btsneustadt-bremen.de\/wp-content\/uploads\/2016\/06\/Dance-300x94.jpg 300w, https:\/\/btsneustadt-bremen.de\/wp-content\/uploads\/2016\/06\/Dance-768x240.jpg 768w, https:\/\/btsneustadt-bremen.de\/wp-content\/uploads\/2016\/06\/Dance-1024x320.jpg 1024w\" width=\"150\" height=\"47\" \/><br \/>\n<\/a><br \/>\nBasketball<br \/>\n<a href=\"https:\/\/btsneustadt-bremen.de\/?page_id=585\"> <img loading=\"lazy\" decoding=\"async\" class=\"so-widget-image\" title=\"Basketball\" src=\"https:\/\/btsneustadt-bremen.de\/wp-content\/uploads\/2016\/05\/Basketball.jpg\" srcset=\"https:\/\/btsneustadt-bremen.de\/wp-content\/uploads\/2016\/05\/Basketball.jpg 1920w, https:\/\/btsneustadt-bremen.de\/wp-content\/uploads\/2016\/05\/Basketball-300x94.jpg 300w, https:\/\/btsneustadt-bremen.de\/wp-content\/uploads\/2016\/05\/Basketball-768x240.jpg 768w, https:\/\/btsneustadt-bremen.de\/wp-content\/uploads\/2016\/05\/Basketball-1024x320.jpg 1024w\" width=\"150\" height=\"47\" \/><br \/>\n<\/a><br \/>\nFu\u00dfball<br \/>\n<a href=\"https:\/\/btsneustadt-bremen.de\/?page_id=994\"> <img loading=\"lazy\" decoding=\"async\" class=\"so-widget-image\" title=\"Fu\u00dfball\" src=\"https:\/\/btsneustadt-bremen.de\/wp-content\/uploads\/2015\/01\/fussball_01.jpg\" srcset=\"https:\/\/btsneustadt-bremen.de\/wp-content\/uploads\/2015\/01\/fussball_01.jpg 1920w, https:\/\/btsneustadt-bremen.de\/wp-content\/uploads\/2015\/01\/fussball_01-300x94.jpg 300w, https:\/\/btsneustadt-bremen.de\/wp-content\/uploads\/2015\/01\/fussball_01-768x240.jpg 768w, https:\/\/btsneustadt-bremen.de\/wp-content\/uploads\/2015\/01\/fussball_01-1024x320.jpg 1024w\" width=\"150\" height=\"47\" \/><br \/>\n<\/a><br \/>\nGesundheitssport<br \/>\n<a href=\"https:\/\/btsneustadt-bremen.de\/?page_id=802\"> <img loading=\"lazy\" decoding=\"async\" class=\"so-widget-image\" title=\"Gesundheitssport\" src=\"https:\/\/btsneustadt-bremen.de\/wp-content\/uploads\/2016\/05\/Gesundheitssport.jpg\" srcset=\"https:\/\/btsneustadt-bremen.de\/wp-content\/uploads\/2016\/05\/Gesundheitssport.jpg 1920w, https:\/\/btsneustadt-bremen.de\/wp-content\/uploads\/2016\/05\/Gesundheitssport-300x94.jpg 300w, https:\/\/btsneustadt-bremen.de\/wp-content\/uploads\/2016\/05\/Gesundheitssport-768x240.jpg 768w, https:\/\/btsneustadt-bremen.de\/wp-content\/uploads\/2016\/05\/Gesundheitssport-1024x320.jpg 1024w\" width=\"150\" height=\"47\" \/><br \/>\n<\/a><br \/>\nHandball<br \/>\n<a href=\"https:\/\/btsneustadt-bremen.de\/?page_id=584\"> <img loading=\"lazy\" decoding=\"async\" class=\"so-widget-image\" title=\"Handball\" src=\"https:\/\/btsneustadt-bremen.de\/wp-content\/uploads\/2016\/05\/Handball.jpg\" srcset=\"https:\/\/btsneustadt-bremen.de\/wp-content\/uploads\/2016\/05\/Handball.jpg 1920w, https:\/\/btsneustadt-bremen.de\/wp-content\/uploads\/2016\/05\/Handball-300x94.jpg 300w, https:\/\/btsneustadt-bremen.de\/wp-content\/uploads\/2016\/05\/Handball-768x240.jpg 768w, https:\/\/btsneustadt-bremen.de\/wp-content\/uploads\/2016\/05\/Handball-1024x320.jpg 1024w\" width=\"150\" height=\"47\" \/><br \/>\n<\/a><br \/>\nKarate<br \/>\n<a href=\"https:\/\/btsneustadt-bremen.de\/?page_id=967\"> <img loading=\"lazy\" decoding=\"async\" class=\"so-widget-image\" title=\"Karate\" src=\"https:\/\/btsneustadt-bremen.de\/wp-content\/uploads\/2015\/01\/Karate.jpg\" srcset=\"https:\/\/btsneustadt-bremen.de\/wp-content\/uploads\/2015\/01\/Karate.jpg 1920w, https:\/\/btsneustadt-bremen.de\/wp-content\/uploads\/2015\/01\/Karate-300x94.jpg 300w, https:\/\/btsneustadt-bremen.de\/wp-content\/uploads\/2015\/01\/Karate-768x240.jpg 768w, https:\/\/btsneustadt-bremen.de\/wp-content\/uploads\/2015\/01\/Karate-1024x320.jpg 1024w\" width=\"150\" height=\"47\" \/><br \/>\n<\/a><br \/>\nKurse<br \/>\n<a href=\"https:\/\/btsneustadt-bremen.de\/?page_id=541\"> <img loading=\"lazy\" decoding=\"async\" class=\"so-widget-image\" title=\"Kurse\" src=\"https:\/\/btsneustadt-bremen.de\/wp-content\/uploads\/2016\/05\/Kurse.jpg\" srcset=\"https:\/\/btsneustadt-bremen.de\/wp-content\/uploads\/2016\/05\/Kurse.jpg 1920w, https:\/\/btsneustadt-bremen.de\/wp-content\/uploads\/2016\/05\/Kurse-300x94.jpg 300w, https:\/\/btsneustadt-bremen.de\/wp-content\/uploads\/2016\/05\/Kurse-768x240.jpg 768w, https:\/\/btsneustadt-bremen.de\/wp-content\/uploads\/2016\/05\/Kurse-1024x320.jpg 1024w\" width=\"150\" height=\"47\" \/><br \/>\n<\/a><br \/>\nLeichtathletik<br \/>\n<a href=\"https:\/\/btsneustadt-bremen.de\/?page_id=160\"> <img loading=\"lazy\" decoding=\"async\" class=\"so-widget-image\" title=\"Leichtathletik\" src=\"https:\/\/btsneustadt-bremen.de\/wp-content\/uploads\/2016\/05\/Leichtathletik.jpg\" srcset=\"https:\/\/btsneustadt-bremen.de\/wp-content\/uploads\/2016\/05\/Leichtathletik.jpg 1920w, https:\/\/btsneustadt-bremen.de\/wp-content\/uploads\/2016\/05\/Leichtathletik-300x94.jpg 300w, https:\/\/btsneustadt-bremen.de\/wp-content\/uploads\/2016\/05\/Leichtathletik-768x240.jpg 768w, https:\/\/btsneustadt-bremen.de\/wp-content\/uploads\/2016\/05\/Leichtathletik-1024x320.jpg 1024w\" width=\"150\" height=\"47\" \/><br \/>\n<\/a><\/p>\n<p>Spielmannszug<br \/>\n<a href=\"https:\/\/btsneustadt-bremen.de\/?page_id=411\"> <img loading=\"lazy\" decoding=\"async\" class=\"so-widget-image\" title=\"Spielmannszug\" src=\"https:\/\/btsneustadt-bremen.de\/wp-content\/uploads\/2016\/05\/Spielmannszug.jpg\" srcset=\"https:\/\/btsneustadt-bremen.de\/wp-content\/uploads\/2016\/05\/Spielmannszug.jpg 1920w, https:\/\/btsneustadt-bremen.de\/wp-content\/uploads\/2016\/05\/Spielmannszug-300x94.jpg 300w, https:\/\/btsneustadt-bremen.de\/wp-content\/uploads\/2016\/05\/Spielmannszug-768x240.jpg 768w, https:\/\/btsneustadt-bremen.de\/wp-content\/uploads\/2016\/05\/Spielmannszug-1024x320.jpg 1024w\" width=\"150\" height=\"47\" \/><br \/>\n<\/a><br \/>\nFolklore<br \/>\n<a href=\"https:\/\/btsneustadt-bremen.de\/?page_id=416\"> <img loading=\"lazy\" decoding=\"async\" class=\"so-widget-image\" title=\"Folklore\" src=\"https:\/\/btsneustadt-bremen.de\/wp-content\/uploads\/2016\/05\/Folklore.jpg\" srcset=\"https:\/\/btsneustadt-bremen.de\/wp-content\/uploads\/2016\/05\/Folklore.jpg 1920w, https:\/\/btsneustadt-bremen.de\/wp-content\/uploads\/2016\/05\/Folklore-300x94.jpg 300w, https:\/\/btsneustadt-bremen.de\/wp-content\/uploads\/2016\/05\/Folklore-768x240.jpg 768w, https:\/\/btsneustadt-bremen.de\/wp-content\/uploads\/2016\/05\/Folklore-1024x320.jpg 1024w\" width=\"150\" height=\"47\" \/><br \/>\n<\/a><br \/>\nTischtennis<br \/>\n<a href=\"https:\/\/btsneustadt-bremen.de\/?page_id=892\"> <img loading=\"lazy\" decoding=\"async\" class=\"so-widget-image\" title=\"Tischtennis\" src=\"https:\/\/btsneustadt-bremen.de\/wp-content\/uploads\/2016\/05\/Tischtennis.jpg\" srcset=\"https:\/\/btsneustadt-bremen.de\/wp-content\/uploads\/2016\/05\/Tischtennis.jpg 1920w, https:\/\/btsneustadt-bremen.de\/wp-content\/uploads\/2016\/05\/Tischtennis-300x94.jpg 300w, https:\/\/btsneustadt-bremen.de\/wp-content\/uploads\/2016\/05\/Tischtennis-768x240.jpg 768w, https:\/\/btsneustadt-bremen.de\/wp-content\/uploads\/2016\/05\/Tischtennis-1024x320.jpg 1024w\" width=\"150\" height=\"47\" \/><br \/>\n<\/a><br \/>\nTurnen<br \/>\n<a href=\"https:\/\/btsneustadt-bremen.de\/?page_id=1007\"> <img loading=\"lazy\" decoding=\"async\" class=\"so-widget-image\" title=\"Turnen\" src=\"https:\/\/btsneustadt-bremen.de\/wp-content\/uploads\/2016\/05\/Turnen.jpg\" srcset=\"https:\/\/btsneustadt-bremen.de\/wp-content\/uploads\/2016\/05\/Turnen.jpg 1920w, https:\/\/btsneustadt-bremen.de\/wp-content\/uploads\/2016\/05\/Turnen-300x94.jpg 300w, https:\/\/btsneustadt-bremen.de\/wp-content\/uploads\/2016\/05\/Turnen-768x240.jpg 768w, https:\/\/btsneustadt-bremen.de\/wp-content\/uploads\/2016\/05\/Turnen-1024x320.jpg 1024w\" width=\"150\" height=\"47\" \/><br \/>\n<\/a><br \/>\nVolleyball<br \/>\n<a href=\"https:\/\/btsneustadt-bremen.de\/?page_id=953\"> <img loading=\"lazy\" decoding=\"async\" class=\"so-widget-image\" title=\"Volleyball\" src=\"https:\/\/btsneustadt-bremen.de\/wp-content\/uploads\/2016\/05\/Volleyball.jpg\" srcset=\"https:\/\/btsneustadt-bremen.de\/wp-content\/uploads\/2016\/05\/Volleyball.jpg 1920w, https:\/\/btsneustadt-bremen.de\/wp-content\/uploads\/2016\/05\/Volleyball-300x94.jpg 300w, https:\/\/btsneustadt-bremen.de\/wp-content\/uploads\/2016\/05\/Volleyball-768x240.jpg 768w, https:\/\/btsneustadt-bremen.de\/wp-content\/uploads\/2016\/05\/Volleyball-1024x320.jpg 1024w\" width=\"150\" height=\"47\" \/><\/a><\/p>\n","protected":false},"excerpt":{"rendered":"<p>Angebot f\u00fcr Vorschulkinder Angebot f\u00fcr Grundschulkinder Badminton Ballett &amp; Dance Basketball Fu\u00dfball Gesundheitssport Handball Karate Kurse Leichtathletik Spielmannszug Folklore Tischtennis Turnen Volleyball<\/p>\n","protected":false},"author":1,"featured_media":0,"parent":0,"menu_order":0,"comment_status":"closed","ping_status":"closed","template":"","meta":{"_coblocks_attr":"","_coblocks_dimensions":"","_coblocks_responsive_height":"","_coblocks_accordion_ie_support":"","pgc_sgb_lightbox_settings":"","footnotes":""},"class_list":["post-796","page","type-page","status-publish","hentry"],"_links":{"self":[{"href":"https:\/\/btsneustadt-bremen.de\/index.php?rest_route=\/wp\/v2\/pages\/796","targetHints":{"allow":["GET"]}}],"collection":[{"href":"https:\/\/btsneustadt-bremen.de\/index.php?rest_route=\/wp\/v2\/pages"}],"about":[{"href":"https:\/\/btsneustadt-bremen.de\/index.php?rest_route=\/wp\/v2\/types\/page"}],"author":[{"embeddable":true,"href":"https:\/\/btsneustadt-bremen.de\/index.php?rest_route=\/wp\/v2\/users\/1"}],"replies":[{"embeddable":true,"href":"https:\/\/btsneustadt-bremen.de\/index.php?rest_route=%2Fwp%2Fv2%2Fcomments&post=796"}],"version-history":[{"count":33,"href":"https:\/\/btsneustadt-bremen.de\/index.php?rest_route=\/wp\/v2\/pages\/796\/revisions"}],"predecessor-version":[{"id":3594,"href":"https:\/\/btsneustadt-bremen.de\/index.php?rest_route=\/wp\/v2\/pages\/796\/revisions\/3594"}],"wp:attachment":[{"href":"https:\/\/btsneustadt-bremen.de\/index.php?rest_route=%2Fwp%2Fv2%2Fmedia&parent=796"}],"curies":[{"name":"wp","href":"https:\/\/api.w.org\/{rel}","templated":true}]}}