{"id":2084,"date":"2019-05-22T09:28:54","date_gmt":"2019-05-22T09:28:54","guid":{"rendered":"http:\/\/btsneustadt-bremen.de\/?page_id=2084"},"modified":"2024-06-06T10:22:54","modified_gmt":"2024-06-06T10:22:54","slug":"mitgliedschaft-2","status":"publish","type":"page","link":"https:\/\/btsneustadt-bremen.de\/?page_id=2084","title":{"rendered":"Mitgliedschaft"},"content":{"rendered":"<p>Sie m\u00f6chten oder Ihr Kind m\u00f6chte Sport bei BTS Neustadt aus\u00fcben? Bitte nehmen Sie Kontakt zu der jeweiligen Abteilung f\u00fcr ein Probetraining auf. Bei Gefallen an der Sportart und dem Verein wird eine Mitgliedschaft obligatorisch. Beim Anmeldeformular gen\u00fcgt es, Seite 1 auszuf\u00fcllen, auszudrucken und abzuschicken. Lesen Sie sich aber Seite 2 und 3 auch noch durch.<\/p>\n<ul>\n<li><a href=\"https:\/\/btsneustadt-bremen.de\/wp-content\/uploads\/2024\/05\/Beitragsliste-ab-01.07.2024.pdf\" target=\"_blank\" rel=\"noopener noreferrer\">Beitragsliste<\/a><\/li>\n<li><a href=\"https:\/\/btsneustadt-bremen.de\/wp-content\/uploads\/2019\/06\/Mitgliedschaft.pdf\" target=\"_blank\" rel=\"noopener noreferrer\">Antrag auf Mitgliedschaft<\/a><\/li>\n<\/ul>\n<p>&nbsp;<\/p>\n<p>Information zur K\u00fcndigung der Mitgliedschaft<\/p>\n<p>Ein Austritt aus dem Verein ist zum 30.06. bzw. 31.12. eines Kalenderjahres m\u00f6glich unter Einhaltung einer Frist von sechs Kalenderwochen durch schriftliche K\u00fcndigung an die Gesch\u00e4ftsstelle des Vereins, Erlenstra\u00dfe 85a, 28199 Bremen bzw. an folgende E-Mail: <a href=\"mailto:info@btsneustadt-bremen.de\">info@btsneustadt-bremen.de<\/a>.<\/p>\n<p>M\u00fcndliche K\u00fcndigungen sind nicht satzungsgem\u00e4\u00df und wirkungslos. \u00dcbungsleiter und Trainer sind nicht berechtigt, K\u00fcndigungen entgegenzunehmen. K\u00fcndigungen an andere E-Mail-Adressen sind ebenfalls wirkungslos.<\/p>\n","protected":false},"excerpt":{"rendered":"<p>Sie m\u00f6chten oder Ihr Kind m\u00f6chte Sport bei BTS Neustadt aus\u00fcben? Bitte nehmen Sie Kontakt zu der jeweiligen Abteilung f\u00fcr ein Probetraining auf. Bei Gefallen an der Sportart und dem Verein wird eine Mitgliedschaft obligatorisch. Beim Anmeldeformular gen\u00fcgt es, Seite 1 auszuf\u00fcllen, auszudrucken und abzuschicken. Lesen Sie sich aber Seite 2 und 3 auch noch &hellip; <a href=\"https:\/\/btsneustadt-bremen.de\/?page_id=2084\" class=\"more-link\"><span class=\"screen-reader-text\">\u201eMitgliedschaft\u201c<\/span> weiterlesen<\/a><\/p>\n","protected":false},"author":2,"featured_media":0,"parent":0,"menu_order":0,"comment_status":"closed","ping_status":"closed","template":"","meta":{"_coblocks_attr":"","_coblocks_dimensions":"","_coblocks_responsive_height":"","_coblocks_accordion_ie_support":"","pgc_sgb_lightbox_settings":"","footnotes":""},"class_list":["post-2084","page","type-page","status-publish","hentry"],"_links":{"self":[{"href":"https:\/\/btsneustadt-bremen.de\/index.php?rest_route=\/wp\/v2\/pages\/2084","targetHints":{"allow":["GET"]}}],"collection":[{"href":"https:\/\/btsneustadt-bremen.de\/index.php?rest_route=\/wp\/v2\/pages"}],"about":[{"href":"https:\/\/btsneustadt-bremen.de\/index.php?rest_route=\/wp\/v2\/types\/page"}],"author":[{"embeddable":true,"href":"https:\/\/btsneustadt-bremen.de\/index.php?rest_route=\/wp\/v2\/users\/2"}],"replies":[{"embeddable":true,"href":"https:\/\/btsneustadt-bremen.de\/index.php?rest_route=%2Fwp%2Fv2%2Fcomments&post=2084"}],"version-history":[{"count":8,"href":"https:\/\/btsneustadt-bremen.de\/index.php?rest_route=\/wp\/v2\/pages\/2084\/revisions"}],"predecessor-version":[{"id":3834,"href":"https:\/\/btsneustadt-bremen.de\/index.php?rest_route=\/wp\/v2\/pages\/2084\/revisions\/3834"}],"wp:attachment":[{"href":"https:\/\/btsneustadt-bremen.de\/index.php?rest_route=%2Fwp%2Fv2%2Fmedia&parent=2084"}],"curies":[{"name":"wp","href":"https:\/\/api.w.org\/{rel}","templated":true}]}}