{"id":1607,"date":"2016-06-30T08:50:39","date_gmt":"2016-06-30T08:50:39","guid":{"rendered":"http:\/\/btsneustadt-bremen.de\/?page_id=1607"},"modified":"2024-05-21T09:55:13","modified_gmt":"2024-05-21T09:55:13","slug":"dokumente","status":"publish","type":"page","link":"https:\/\/btsneustadt-bremen.de\/?page_id=1607","title":{"rendered":"Dokumente"},"content":{"rendered":"<p>Hier finden Sie wichtige Dokumente als Download.<\/p>\n<p><a href=\"https:\/\/btsneustadt-bremen.de\/wp-content\/uploads\/2019\/06\/Mitgliedschaft.pdf\">Aufnahmeantrag<\/a><br \/>\n<a href=\"https:\/\/btsneustadt-bremen.de\/wp-content\/uploads\/2024\/05\/Beitragsliste-ab-01.07.2024.pdf\">Beitragsliste ab 01.07.2024<\/a><br \/>\n<a href=\"https:\/\/btsneustadt-bremen.de\/wp-content\/uploads\/2018\/03\/Kursplan.pdf\">Kursplan<\/a><br \/>\n<a href=\"https:\/\/btsneustadt-bremen.de\/wp-content\/uploads\/2024\/03\/BTS-Programm.pdf\">Programm<\/a><br \/>\n<a href=\"https:\/\/btsneustadt-bremen.de\/wp-content\/uploads\/2016\/06\/Nutzungsbestimmung_elektr_Geraete_in_Sporthallen.pdf\">Nutzungsbestimmung<\/a><br \/>\n<a href=\"https:\/\/btsneustadt-bremen.de\/wp-content\/uploads\/2016\/06\/Vereinsanmeldung_FUSSBALL.pdf\">Vereinsanmeldungen Fu\u00dfball<\/a><br \/>\n<a href=\"https:\/\/btsneustadt-bremen.de\/wp-content\/uploads\/2016\/12\/Auslaendische_Staatsbuerger.jpg\">Ausl\u00e4ndische Staatsb\u00fcrger<\/a><br \/>\n<a href=\"https:\/\/btsneustadt-bremen.de\/wp-content\/uploads\/2016\/06\/Satzung-BTS-Neustadt.pdf\">Satzung<\/a><br \/>\n<a href=\"https:\/\/btsneustadt-bremen.de\/wp-content\/uploads\/2022\/09\/Abrechnung-Auslagen-blanko.xlsx\">Abrechnungsformular f\u00fcr Auslagen (Excel)<\/a><\/p>\n","protected":false},"excerpt":{"rendered":"<p>Hier finden Sie wichtige Dokumente als Download. Aufnahmeantrag Beitragsliste ab 01.07.2024 Kursplan Programm Nutzungsbestimmung Vereinsanmeldungen Fu\u00dfball Ausl\u00e4ndische Staatsb\u00fcrger Satzung Abrechnungsformular f\u00fcr Auslagen (Excel)<\/p>\n","protected":false},"author":1,"featured_media":0,"parent":0,"menu_order":0,"comment_status":"closed","ping_status":"closed","template":"","meta":{"_coblocks_attr":"","_coblocks_dimensions":"","_coblocks_responsive_height":"","_coblocks_accordion_ie_support":"","pgc_sgb_lightbox_settings":"","footnotes":""},"class_list":["post-1607","page","type-page","status-publish","hentry"],"_links":{"self":[{"href":"https:\/\/btsneustadt-bremen.de\/index.php?rest_route=\/wp\/v2\/pages\/1607","targetHints":{"allow":["GET"]}}],"collection":[{"href":"https:\/\/btsneustadt-bremen.de\/index.php?rest_route=\/wp\/v2\/pages"}],"about":[{"href":"https:\/\/btsneustadt-bremen.de\/index.php?rest_route=\/wp\/v2\/types\/page"}],"author":[{"embeddable":true,"href":"https:\/\/btsneustadt-bremen.de\/index.php?rest_route=\/wp\/v2\/users\/1"}],"replies":[{"embeddable":true,"href":"https:\/\/btsneustadt-bremen.de\/index.php?rest_route=%2Fwp%2Fv2%2Fcomments&post=1607"}],"version-history":[{"count":48,"href":"https:\/\/btsneustadt-bremen.de\/index.php?rest_route=\/wp\/v2\/pages\/1607\/revisions"}],"predecessor-version":[{"id":3820,"href":"https:\/\/btsneustadt-bremen.de\/index.php?rest_route=\/wp\/v2\/pages\/1607\/revisions\/3820"}],"wp:attachment":[{"href":"https:\/\/btsneustadt-bremen.de\/index.php?rest_route=%2Fwp%2Fv2%2Fmedia&parent=1607"}],"curies":[{"name":"wp","href":"https:\/\/api.w.org\/{rel}","templated":true}]}}